{"id":2362,"date":"2025-11-06T18:22:30","date_gmt":"2025-11-06T17:22:30","guid":{"rendered":"https:\/\/www.digitalmoto.fr\/?post_type=product&#038;p=2362"},"modified":"2026-02-24T10:01:25","modified_gmt":"2026-02-24T09:01:25","slug":"honda-pcx-125-2023-dosseret","status":"publish","type":"product","link":"https:\/\/www.digitalmoto.fr\/?product=honda-pcx-125-2023-dosseret","title":{"rendered":"Yamaha NMAX 125 2024- Garantie 12 mois"},"content":{"rendered":"<p><strong>Yamaha Nmax 125<\/strong><\/p>\n<p>&#8211;Garantie 12 mois-<\/p>\n<p><strong>Sp\u00e9cifications Principales :<\/strong><\/p>\n<ul>\n<li><strong>Prix :<\/strong> 2790\u20ac<\/li>\n<li><strong>Cylindr\u00e9e :<\/strong> 125 cm\u00b3<\/li>\n<li><strong>Ann\u00e9e du Mod\u00e8le :<\/strong> 2024<\/li>\n<li><strong>Couleur :<\/strong> Blanc<\/li>\n<li><strong>Date de Mise en Circulation :<\/strong> 213\/02\/2024<\/li>\n<li><strong>Kilom\u00e9trage :<\/strong> 3738 km<\/li>\n<\/ul>\n<p>&nbsp;<\/p>\n<p>Bulle haute + bulle d&rsquo;origine<\/p>\n<p>Entretien des 1 000 km effectu\u00e9 en juillet 2024<\/p>\n<p>Entretien annuel r\u00e9alis\u00e9 le 12\/02\/2026<\/p>\n<p>Pr\u00eat \u00e0 rouler<\/p>\n","protected":false},"excerpt":{"rendered":"<p>Yamaha Nmax 125 &#8211;Garantie 12 mois- Sp\u00e9cifications Principales : Prix : 2790\u20ac Cylindr\u00e9e : 125 cm\u00b3 Ann\u00e9e du Mod\u00e8le : 2024 Couleur : Blanc Date de Mise en Circulation : 213\/02\/2024 Kilom\u00e9trage : 3738 km &nbsp; Bulle haute + bulle d&rsquo;origine Entretien des 1 000 km effectu\u00e9 en juillet 2024 Entretien annuel r\u00e9alis\u00e9 le 12\/02\/2026 [&hellip;]<\/p>\n","protected":false},"featured_media":2412,"template":"","meta":[],"product_brand":[],"product_cat":[29],"product_tag":[],"class_list":{"0":"post-2362","1":"product","2":"type-product","3":"status-publish","4":"has-post-thumbnail","6":"product_cat-motos-doccasion","8":"first","9":"outofstock","10":"featured","11":"sold-individually","12":"shipping-taxable","13":"purchasable","14":"product-type-simple"},"acf":[],"yoast_head":"<!-- This site is optimized with the Yoast SEO plugin v27.0 - https:\/\/yoast.com\/product\/yoast-seo-wordpress\/ -->\n<title>Yamaha NMAX 125 2024- Garantie 12 mois - Digital Moto<\/title>\n<meta name=\"robots\" content=\"index, follow, max-snippet:-1, max-image-preview:large, max-video-preview:-1\" \/>\n<link rel=\"canonical\" href=\"https:\/\/www.digitalmoto.fr\/?product=honda-pcx-125-2023-dosseret\" \/>\n<meta property=\"og:locale\" content=\"fr_FR\" \/>\n<meta property=\"og:type\" content=\"article\" \/>\n<meta property=\"og:title\" content=\"Yamaha NMAX 125 2024- Garantie 12 mois - Digital Moto\" \/>\n<meta property=\"og:description\" content=\"Yamaha Nmax 125 &#8211;Garantie 12 mois- Sp\u00e9cifications Principales : Prix : 2790\u20ac Cylindr\u00e9e : 125 cm\u00b3 Ann\u00e9e du Mod\u00e8le : 2024 Couleur : Blanc Date de Mise en Circulation : 213\/02\/2024 Kilom\u00e9trage : 3738 km &nbsp; Bulle haute + bulle d&rsquo;origine Entretien des 1 000 km effectu\u00e9 en juillet 2024 Entretien annuel r\u00e9alis\u00e9 le 12\/02\/2026 [&hellip;]\" \/>\n<meta property=\"og:url\" content=\"https:\/\/www.digitalmoto.fr\/?product=honda-pcx-125-2023-dosseret\" \/>\n<meta property=\"og:site_name\" content=\"Digital Moto\" \/>\n<meta property=\"article:modified_time\" content=\"2026-02-24T09:01:25+00:00\" \/>\n<meta property=\"og:image\" content=\"https:\/\/www.digitalmoto.fr\/wp-content\/uploads\/2025\/11\/IMG_6915.jpeg\" \/>\n\t<meta property=\"og:image:width\" content=\"2016\" \/>\n\t<meta property=\"og:image:height\" content=\"1512\" \/>\n\t<meta property=\"og:image:type\" content=\"image\/jpeg\" \/>\n<meta name=\"twitter:card\" content=\"summary_large_image\" \/>\n<script type=\"application\/ld+json\" class=\"yoast-schema-graph\">{\"@context\":\"https:\/\/schema.org\",\"@graph\":[{\"@type\":\"WebPage\",\"@id\":\"https:\/\/www.digitalmoto.fr\/?product=honda-pcx-125-2023-dosseret\",\"url\":\"https:\/\/www.digitalmoto.fr\/?product=honda-pcx-125-2023-dosseret\",\"name\":\"Yamaha NMAX 125 2024- Garantie 12 mois - Digital Moto\",\"isPartOf\":{\"@id\":\"https:\/\/www.digitalmoto.fr\/#website\"},\"primaryImageOfPage\":{\"@id\":\"https:\/\/www.digitalmoto.fr\/?product=honda-pcx-125-2023-dosseret#primaryimage\"},\"image\":{\"@id\":\"https:\/\/www.digitalmoto.fr\/?product=honda-pcx-125-2023-dosseret#primaryimage\"},\"thumbnailUrl\":\"https:\/\/www.digitalmoto.fr\/wp-content\/uploads\/2025\/11\/IMG_6915.jpeg\",\"datePublished\":\"2025-11-06T17:22:30+00:00\",\"dateModified\":\"2026-02-24T09:01:25+00:00\",\"breadcrumb\":{\"@id\":\"https:\/\/www.digitalmoto.fr\/?product=honda-pcx-125-2023-dosseret#breadcrumb\"},\"inLanguage\":\"fr-FR\",\"potentialAction\":[{\"@type\":\"ReadAction\",\"target\":[\"https:\/\/www.digitalmoto.fr\/?product=honda-pcx-125-2023-dosseret\"]}]},{\"@type\":\"ImageObject\",\"inLanguage\":\"fr-FR\",\"@id\":\"https:\/\/www.digitalmoto.fr\/?product=honda-pcx-125-2023-dosseret#primaryimage\",\"url\":\"https:\/\/www.digitalmoto.fr\/wp-content\/uploads\/2025\/11\/IMG_6915.jpeg\",\"contentUrl\":\"https:\/\/www.digitalmoto.fr\/wp-content\/uploads\/2025\/11\/IMG_6915.jpeg\",\"width\":2016,\"height\":1512},{\"@type\":\"BreadcrumbList\",\"@id\":\"https:\/\/www.digitalmoto.fr\/?product=honda-pcx-125-2023-dosseret#breadcrumb\",\"itemListElement\":[{\"@type\":\"ListItem\",\"position\":1,\"name\":\"Accueil\",\"item\":\"https:\/\/www.digitalmoto.fr\/\"},{\"@type\":\"ListItem\",\"position\":2,\"name\":\"Nos occasions\",\"item\":\"https:\/\/www.digitalmoto.fr\/?page_id=833\"},{\"@type\":\"ListItem\",\"position\":3,\"name\":\"Yamaha NMAX 125 2024- Garantie 12 mois\"}]},{\"@type\":\"WebSite\",\"@id\":\"https:\/\/www.digitalmoto.fr\/#website\",\"url\":\"https:\/\/www.digitalmoto.fr\/\",\"name\":\"Digital Moto\",\"description\":\"Des services de qualit\u00e9 dans l&#039;air du temps\",\"potentialAction\":[{\"@type\":\"SearchAction\",\"target\":{\"@type\":\"EntryPoint\",\"urlTemplate\":\"https:\/\/www.digitalmoto.fr\/?s={search_term_string}\"},\"query-input\":{\"@type\":\"PropertyValueSpecification\",\"valueRequired\":true,\"valueName\":\"search_term_string\"}}],\"inLanguage\":\"fr-FR\"}]}<\/script>\n<!-- \/ Yoast SEO plugin. -->","yoast_head_json":{"title":"Yamaha NMAX 125 2024- Garantie 12 mois - Digital Moto","robots":{"index":"index","follow":"follow","max-snippet":"max-snippet:-1","max-image-preview":"max-image-preview:large","max-video-preview":"max-video-preview:-1"},"canonical":"https:\/\/www.digitalmoto.fr\/?product=honda-pcx-125-2023-dosseret","og_locale":"fr_FR","og_type":"article","og_title":"Yamaha NMAX 125 2024- Garantie 12 mois - Digital Moto","og_description":"Yamaha Nmax 125 &#8211;Garantie 12 mois- Sp\u00e9cifications Principales : Prix : 2790\u20ac Cylindr\u00e9e : 125 cm\u00b3 Ann\u00e9e du Mod\u00e8le : 2024 Couleur : Blanc Date de Mise en Circulation : 213\/02\/2024 Kilom\u00e9trage : 3738 km &nbsp; Bulle haute + bulle d&rsquo;origine Entretien des 1 000 km effectu\u00e9 en juillet 2024 Entretien annuel r\u00e9alis\u00e9 le 12\/02\/2026 [&hellip;]","og_url":"https:\/\/www.digitalmoto.fr\/?product=honda-pcx-125-2023-dosseret","og_site_name":"Digital Moto","article_modified_time":"2026-02-24T09:01:25+00:00","og_image":[{"width":2016,"height":1512,"url":"https:\/\/www.digitalmoto.fr\/wp-content\/uploads\/2025\/11\/IMG_6915.jpeg","type":"image\/jpeg"}],"twitter_card":"summary_large_image","schema":{"@context":"https:\/\/schema.org","@graph":[{"@type":"WebPage","@id":"https:\/\/www.digitalmoto.fr\/?product=honda-pcx-125-2023-dosseret","url":"https:\/\/www.digitalmoto.fr\/?product=honda-pcx-125-2023-dosseret","name":"Yamaha NMAX 125 2024- Garantie 12 mois - Digital Moto","isPartOf":{"@id":"https:\/\/www.digitalmoto.fr\/#website"},"primaryImageOfPage":{"@id":"https:\/\/www.digitalmoto.fr\/?product=honda-pcx-125-2023-dosseret#primaryimage"},"image":{"@id":"https:\/\/www.digitalmoto.fr\/?product=honda-pcx-125-2023-dosseret#primaryimage"},"thumbnailUrl":"https:\/\/www.digitalmoto.fr\/wp-content\/uploads\/2025\/11\/IMG_6915.jpeg","datePublished":"2025-11-06T17:22:30+00:00","dateModified":"2026-02-24T09:01:25+00:00","breadcrumb":{"@id":"https:\/\/www.digitalmoto.fr\/?product=honda-pcx-125-2023-dosseret#breadcrumb"},"inLanguage":"fr-FR","potentialAction":[{"@type":"ReadAction","target":["https:\/\/www.digitalmoto.fr\/?product=honda-pcx-125-2023-dosseret"]}]},{"@type":"ImageObject","inLanguage":"fr-FR","@id":"https:\/\/www.digitalmoto.fr\/?product=honda-pcx-125-2023-dosseret#primaryimage","url":"https:\/\/www.digitalmoto.fr\/wp-content\/uploads\/2025\/11\/IMG_6915.jpeg","contentUrl":"https:\/\/www.digitalmoto.fr\/wp-content\/uploads\/2025\/11\/IMG_6915.jpeg","width":2016,"height":1512},{"@type":"BreadcrumbList","@id":"https:\/\/www.digitalmoto.fr\/?product=honda-pcx-125-2023-dosseret#breadcrumb","itemListElement":[{"@type":"ListItem","position":1,"name":"Accueil","item":"https:\/\/www.digitalmoto.fr\/"},{"@type":"ListItem","position":2,"name":"Nos occasions","item":"https:\/\/www.digitalmoto.fr\/?page_id=833"},{"@type":"ListItem","position":3,"name":"Yamaha NMAX 125 2024- Garantie 12 mois"}]},{"@type":"WebSite","@id":"https:\/\/www.digitalmoto.fr\/#website","url":"https:\/\/www.digitalmoto.fr\/","name":"Digital Moto","description":"Des services de qualit\u00e9 dans l&#039;air du temps","potentialAction":[{"@type":"SearchAction","target":{"@type":"EntryPoint","urlTemplate":"https:\/\/www.digitalmoto.fr\/?s={search_term_string}"},"query-input":{"@type":"PropertyValueSpecification","valueRequired":true,"valueName":"search_term_string"}}],"inLanguage":"fr-FR"}]}},"_links":{"self":[{"href":"https:\/\/www.digitalmoto.fr\/index.php?rest_route=\/wp\/v2\/product\/2362","targetHints":{"allow":["GET"]}}],"collection":[{"href":"https:\/\/www.digitalmoto.fr\/index.php?rest_route=\/wp\/v2\/product"}],"about":[{"href":"https:\/\/www.digitalmoto.fr\/index.php?rest_route=\/wp\/v2\/types\/product"}],"wp:featuredmedia":[{"embeddable":true,"href":"https:\/\/www.digitalmoto.fr\/index.php?rest_route=\/wp\/v2\/media\/2412"}],"wp:attachment":[{"href":"https:\/\/www.digitalmoto.fr\/index.php?rest_route=%2Fwp%2Fv2%2Fmedia&parent=2362"}],"wp:term":[{"taxonomy":"product_brand","embeddable":true,"href":"https:\/\/www.digitalmoto.fr\/index.php?rest_route=%2Fwp%2Fv2%2Fproduct_brand&post=2362"},{"taxonomy":"product_cat","embeddable":true,"href":"https:\/\/www.digitalmoto.fr\/index.php?rest_route=%2Fwp%2Fv2%2Fproduct_cat&post=2362"},{"taxonomy":"product_tag","embeddable":true,"href":"https:\/\/www.digitalmoto.fr\/index.php?rest_route=%2Fwp%2Fv2%2Fproduct_tag&post=2362"}],"curies":[{"name":"wp","href":"https:\/\/api.w.org\/{rel}","templated":true}]}}